{"id":6,"date":"2026-02-06T20:24:57","date_gmt":"2026-02-06T20:24:57","guid":{"rendered":"https:\/\/elegant-murdock.157-90-105-12.plesk.page\/?page_id=6"},"modified":"2026-02-06T20:59:16","modified_gmt":"2026-02-06T20:59:16","slug":"startseite","status":"publish","type":"page","link":"https:\/\/elegant-murdock.157-90-105-12.plesk.page\/","title":{"rendered":"Startseite"},"content":{"rendered":"\t\t<div data-elementor-type=\"wp-page\" data-elementor-id=\"6\" class=\"elementor elementor-6\">\n\t\t\t\t<div class=\"elementor-element elementor-element-e5b5a56 e-flex e-con-boxed e-con e-parent\" data-id=\"e5b5a56\" data-element_type=\"container\" data-e-type=\"container\">\n\t\t\t\t\t<div class=\"e-con-inner\">\n\t\t\t\t<div class=\"elementor-element elementor-element-2e887ce elementor-widget elementor-widget-heading\" data-id=\"2e887ce\" data-element_type=\"widget\" data-e-type=\"widget\" data-widget_type=\"heading.default\">\n\t\t\t\t\t<h2 class=\"elementor-heading-title elementor-size-default\">Seminarr\u00e4ume im Gewerbezentrum <\/h2>\t\t\t\t<\/div>\n\t\t\t\t<div class=\"elementor-element elementor-element-50a30b6 elementor-widget elementor-widget-text-editor\" data-id=\"50a30b6\" data-element_type=\"widget\" data-e-type=\"widget\" data-widget_type=\"text-editor.default\">\n\t\t\t\t\t\t\t\t\t<p><span style=\"color: #ffffff;\"><strong>Willkommen im Gewerbezentrum Adendorf<\/strong><\/span><\/p><p><span style=\"color: #ffffff;\"><strong>Unsere Seminarr\u00e4ume im Gewerbezentrum Adendorf bieten den idealen Rahmen f\u00fcr Schulungen, Workshops, Besprechungen und Veranstaltungen aller Art. In zentraler Lage und mit zeitgem\u00e4\u00dfer Ausstattung schaffen wir eine professionelle Umgebung, die konzentriertes Arbeiten und produktiven Austausch unterst\u00fctzt.<\/strong><\/span><\/p><p><span style=\"color: #ffffff;\"><strong>Flexible R\u00e4ume f\u00fcr vielf\u00e4ltige Anforderungen<\/strong><\/span><\/p><p><span style=\"color: #ffffff;\"><strong>Ob kleines Meeting oder gr\u00f6\u00dferes Seminar \u2013 unsere R\u00e4umlichkeiten lassen sich flexibel an Ihre Bed\u00fcrfnisse anpassen. Helle R\u00e4ume, moderne Technik und eine angenehme Atmosph\u00e4re sorgen daf\u00fcr, dass Sie und Ihre Teilnehmenden sich rundum wohlf\u00fchlen.<\/strong><\/span><\/p><p><span style=\"color: #ffffff;\"><strong>Modern ausgestattet. Professionell betreut.<\/strong><\/span><\/p><p><span style=\"color: #ffffff;\"><strong>Unsere Seminarr\u00e4ume verf\u00fcgen \u00fcber eine moderne technische Ausstattung und bieten optimale Voraussetzungen f\u00fcr Pr\u00e4sentationen und interaktive Formate. Auf Wunsch unterst\u00fctzen wir Sie gerne bei der Planung und Organisation Ihrer Veranstaltung.<\/strong><\/span><\/p><p><span style=\"color: #ffffff;\"><strong>Zentral gelegen und gut erreichbar<\/strong><\/span><\/p><p><span style=\"color: #ffffff;\"><strong>Das Gewerbezentrum Adendorf \u00fcberzeugt durch seine verkehrsg\u00fcnstige Lage sowie ausreichend Parkm\u00f6glichkeiten direkt vor Ort. So erreichen Ihre Teilnehmenden die Seminarr\u00e4ume bequem und stressfrei.<\/strong><\/span><\/p><p><span style=\"color: #ffffff;\"><strong>Gerne beraten wir Sie pers\u00f6nlich und erstellen ein individuelles Angebot f\u00fcr Ihre Veranstaltung. Wir freuen uns darauf, Sie im Gewerbezentrum Adendorf willkommen zu hei\u00dfen.<\/strong><\/span><\/p>\t\t\t\t\t\t\t\t<\/div>\n\t\t\t\t\t<\/div>\n\t\t\t\t<\/div>\n\t\t\t\t<\/div>\n\t\t","protected":false},"excerpt":{"rendered":"<p>Seminarr\u00e4ume im Gewerbezentrum Willkommen im Gewerbezentrum Adendorf Unsere Seminarr\u00e4ume im Gewerbezentrum Adendorf bieten den idealen Rahmen f\u00fcr Schulungen, Workshops, Besprechungen und Veranstaltungen aller Art. In zentraler Lage und mit zeitgem\u00e4\u00dfer Ausstattung schaffen wir eine professionelle Umgebung, die konzentriertes Arbeiten und produktiven Austausch unterst\u00fctzt. Flexible R\u00e4ume f\u00fcr vielf\u00e4ltige Anforderungen Ob kleines Meeting oder gr\u00f6\u00dferes Seminar \u2013 [&hellip;]<\/p>\n","protected":false},"author":1,"featured_media":0,"parent":0,"menu_order":0,"comment_status":"closed","ping_status":"closed","template":"","meta":{"footnotes":""},"class_list":["post-6","page","type-page","status-publish","hentry"],"_links":{"self":[{"href":"https:\/\/elegant-murdock.157-90-105-12.plesk.page\/index.php\/wp-json\/wp\/v2\/pages\/6","targetHints":{"allow":["GET"]}}],"collection":[{"href":"https:\/\/elegant-murdock.157-90-105-12.plesk.page\/index.php\/wp-json\/wp\/v2\/pages"}],"about":[{"href":"https:\/\/elegant-murdock.157-90-105-12.plesk.page\/index.php\/wp-json\/wp\/v2\/types\/page"}],"author":[{"embeddable":true,"href":"https:\/\/elegant-murdock.157-90-105-12.plesk.page\/index.php\/wp-json\/wp\/v2\/users\/1"}],"replies":[{"embeddable":true,"href":"https:\/\/elegant-murdock.157-90-105-12.plesk.page\/index.php\/wp-json\/wp\/v2\/comments?post=6"}],"version-history":[{"count":7,"href":"https:\/\/elegant-murdock.157-90-105-12.plesk.page\/index.php\/wp-json\/wp\/v2\/pages\/6\/revisions"}],"predecessor-version":[{"id":40,"href":"https:\/\/elegant-murdock.157-90-105-12.plesk.page\/index.php\/wp-json\/wp\/v2\/pages\/6\/revisions\/40"}],"wp:attachment":[{"href":"https:\/\/elegant-murdock.157-90-105-12.plesk.page\/index.php\/wp-json\/wp\/v2\/media?parent=6"}],"curies":[{"name":"wp","href":"https:\/\/api.w.org\/{rel}","templated":true}]}}